{"id":57,"date":"2014-04-09T13:09:26","date_gmt":"2014-04-09T13:09:26","guid":{"rendered":"http:\/\/secondsense.ch\/wordpress\/?page_id=57"},"modified":"2024-06-12T16:01:11","modified_gmt":"2024-06-12T16:01:11","slug":"referenzen","status":"publish","type":"page","link":"http:\/\/secondsense.ch\/wordpress\/?page_id=57","title":{"rendered":"Referenzen"},"content":{"rendered":"<p><strong>On Tour:<\/strong><\/p>\n<p>&#8211; FOH f\u00fcr <a href=\"http:\/\/bucovina.de\">Shantel&nbsp;<\/a>&nbsp; &nbsp; &nbsp; &nbsp; &nbsp; &nbsp; &nbsp; &nbsp; &nbsp; &nbsp; &nbsp; &nbsp; &nbsp; &nbsp; &nbsp; &nbsp; &nbsp; &nbsp; &nbsp;&nbsp;<\/p>\n<p>&#8211; FOH f\u00fcr <a href=\"http:\/\/zibbz.com\">ZIBBZ<\/a>&nbsp;&nbsp;&nbsp;&nbsp;&nbsp;&nbsp;&nbsp;&nbsp;&nbsp;&nbsp;&nbsp;&nbsp;&nbsp;&nbsp;&nbsp;&nbsp;&nbsp;&nbsp;&nbsp;&nbsp;&nbsp;&nbsp;&nbsp;&nbsp;&nbsp;&nbsp;&nbsp;&nbsp;&nbsp;&nbsp; &nbsp;&nbsp;&nbsp;&nbsp;&nbsp;&nbsp;&nbsp;&nbsp;&nbsp;&nbsp;&nbsp;<\/p>\n<p>&#8211; FOH f\u00fcr Gnarlys<\/p>\n<p>&#8211; FOH f\u00fcr <a href=\"http:\/\/facebook.com\/iriemembermusic\">Irie Member&nbsp;<\/a>&nbsp; &nbsp; &nbsp; &nbsp;<\/p>\n<p>&#8211; FOH f\u00fcr <a href=\"https:\/\/www.valeriedemontmollin.ch\/de\/\">Valerie de Montmollin<\/a><\/p>\n<p><strong>Substitude:<\/strong><\/p>\n<p>&#8211; &nbsp;FOH f\u00fcr <a href=\"https:\/\/www.bakara.ch\/pablonouvelle-nativ\">Nouvelle x Nativ<\/a><\/p>\n<p>&#8211; FOH \/ Monitor f\u00fcr <a href=\"https:\/\/bligg.ch\">Bligg<\/a><\/p>\n<p>&#8211; FOH f\u00fcr <a href=\"http:\/\/drums2streets.ch\">Drums 2 Streets&nbsp;<\/a>&nbsp;&nbsp;&nbsp;&nbsp;&nbsp;&nbsp;&nbsp;&nbsp;&nbsp;&nbsp;&nbsp;&nbsp;&nbsp;&nbsp;&nbsp;&nbsp;&nbsp;&nbsp;&nbsp;&nbsp;&nbsp;&nbsp;&nbsp;&nbsp;&nbsp;&nbsp;&nbsp;&nbsp;&nbsp;&nbsp;&nbsp;&nbsp;&nbsp;&nbsp;&nbsp;&nbsp;<\/p>\n<p>&#8211; FOH Krogmann&nbsp; &nbsp; &nbsp; &nbsp; &nbsp; &nbsp; &nbsp; &nbsp; &nbsp; &nbsp; &nbsp; &nbsp; &nbsp; &nbsp; &nbsp; &nbsp; &nbsp; &nbsp; &nbsp; &nbsp; &nbsp; &nbsp; &nbsp; &nbsp; &nbsp; &nbsp; &nbsp; &nbsp;<\/p>\n<p>&nbsp;<\/p>\n<p><strong>Shows:<\/strong><\/p>\n<p>&#8211; FOH am Rock the Ring&nbsp;&nbsp;&nbsp;&nbsp;&nbsp; &nbsp;&nbsp;<\/p>\n<p>&#8211; FOH MainStage Gurten Festival&nbsp; &nbsp; &nbsp; &nbsp; &nbsp; &nbsp; &nbsp; &nbsp; &nbsp; &nbsp;<\/p>\n<p>&#8211; FOH GV POOL &nbsp;&nbsp;<\/p>\n<p>&#8211; Monitoring \/ FOH Openair Frauenfeld &nbsp; &nbsp; &nbsp; &nbsp; &nbsp; &nbsp;<\/p>\n<p>&#8211; Monitoring Snowpenair<\/p>\n<p>&#8211; Monitoring Big Air<\/p>\n<p>&#8211; Monitoring am jazzNOjazz Festival &nbsp; &nbsp; &nbsp; &nbsp;<\/p>\n<p>&#8211; Monitoring \/ FOH am Reeds Festival &nbsp; &nbsp; &nbsp; &nbsp; &nbsp; &nbsp; &nbsp; &nbsp;<\/p>\n<p>&#8211; Monitoring f\u00fcr Macue Parker<\/p>\n<p>&#8211; FOH \/ Monitoring <a href=\"http:\/\/theaterspektakel.ch\">Theaterspektakel<\/a> Seeb\u00fchne<\/p>\n<p>&#8211; Bereichsleiter Audio Swiss RE GV<\/p>\n<p>&#8211; Bereichsleiter Audio CS GV<\/p>\n<p>&#8211; und und und<\/p>\n<table width=\"454\">\n<tbody>\n<tr>\n<td width=\"454\">\n<h4><strong>past:<\/strong><\/h4>\n<p><strong>On Tour:<\/strong><\/td>\n<\/tr>\n<tr>\n<td width=\"454\">&#8211; Dodo &amp; the Liberators<\/td>\n<\/tr>\n<tr>\n<td width=\"454\">&#8211; Elijah &amp; the Dubby Conqueros<\/td>\n<\/tr>\n<tr>\n<td width=\"454\">&#8211; Sistars<\/td>\n<\/tr>\n<tr>\n<td width=\"454\">&#8211; Mephistosystem<\/td>\n<\/tr>\n<tr>\n<td width=\"454\">&#8211; King Kora&nbsp;&#8211; Pueblo Criminal<\/p>\n<p>&#8211; Modern Day Herous<\/p>\n<p>&#8211; ROOM21<\/p>\n<p>&#8211; Ingenious<\/p>\n<p>&nbsp;<\/td>\n<\/tr>\n<tr>\n<td width=\"454\"><strong>Substitude:<\/strong><\/td>\n<\/tr>\n<tr>\n<td width=\"454\">&#8211; Fabienne Louves<\/td>\n<\/tr>\n<tr>\n<td width=\"454\">&#8211; Schlagrahm<\/td>\n<\/tr>\n<tr>\n<td width=\"454\">&#8211; Lo &amp; Leduc&nbsp;&#8211; Zeal and Ardor<\/p>\n<p>&#8211; Jewish Monkey<\/p>\n<p>&#8211; Heimweh<\/p>\n<p>&#8211; JoElle<\/p>\n<p>&#8211; Colli Herb<\/p>\n<p>&#8211; Baschi<\/p>\n<p>&#8211; Lina Button<\/p>\n<p>&nbsp;<\/p>\n<p><strong>Theater Tour:<\/strong><\/p>\n<p>&#8211; FOH Audio und Licht&nbsp;&nbsp;&nbsp; &#8211;&nbsp;&nbsp;&nbsp; Drift Company \u2013 pierre-noire<\/p>\n<p>&#8211; SystemTech. &nbsp; &nbsp; &nbsp; &nbsp; &nbsp; &nbsp; &nbsp; &nbsp; &nbsp; &nbsp;&#8211;&nbsp;&nbsp;&nbsp;&nbsp;&nbsp; Acapickels<\/td>\n<\/tr>\n<\/tbody>\n<\/table>\n<p>&nbsp;<\/p>\n<table width=\"187\">\n<tbody>\n<tr>\n<td width=\"187\"><strong>Zirkus:<\/strong><\/td>\n<\/tr>\n<tr>\n<td width=\"187\">&#8211; <a href=\"http:\/\/youtube.com\/watch?v=iS4gxlRmRq4\">SwissChristmas<\/a>&nbsp;<\/td>\n<\/tr>\n<tr>\n<td width=\"187\">&#8211; Himmel auf Erden<\/td>\n<\/tr>\n<tr>\n<td width=\"187\">&nbsp;<\/td>\n<\/tr>\n<\/tbody>\n<\/table>\n<p><strong>Shows:<\/strong><\/p>\n<p>&#8211; FOH &#8211; Z\u00fcrich Tanzt<\/p>\n<p>&#8211; System Tech. &#8211; Z\u00fcriF\u00e4scht Feuerwerk<\/p>\n<p>&#8211; FOH &#8211; Landsgemeinde Glarus<\/p>\n<p>&#8211; und und und<\/p>\n<p><strong>Filmton Set und Studio:<\/strong><\/p>\n<p>&#8211; <a href=\"http:\/\/youtube.com\/watch?v=qzNS-Qxh5Jc\">Flying Diamant&nbsp;&nbsp;<\/a>&nbsp; &nbsp; &nbsp; &nbsp; &nbsp; &nbsp; &nbsp; &nbsp; &nbsp; &nbsp;<\/p>\n<p>&#8211; Namibia Calling&nbsp;&nbsp;&nbsp;&nbsp;&nbsp;&nbsp;&nbsp;&nbsp;&nbsp;&nbsp;&nbsp;&nbsp;&nbsp;&nbsp;&nbsp;&nbsp;&nbsp;&nbsp;&nbsp;<\/p>\n<p>&nbsp;<\/p>\n<p><strong>Club:<\/strong><\/p>\n<p>&#8211; Gaswerk Haustechniker<\/p>\n<p>und und und<\/p>\n","protected":false},"excerpt":{"rendered":"<p>On Tour: &#8211; FOH f\u00fcr Shantel&nbsp;&nbsp; &nbsp; &nbsp; &nbsp; &nbsp; &nbsp; &nbsp; &nbsp; &nbsp; &nbsp; &nbsp; &nbsp; &nbsp; &nbsp; &nbsp; &nbsp; &nbsp; &nbsp; &nbsp;&nbsp; &#8211; FOH f\u00fcr ZIBBZ&nbsp;&nbsp;&nbsp;&nbsp;&nbsp;&nbsp;&nbsp;&nbsp;&nbsp;&nbsp;&nbsp;&nbsp;&nbsp;&nbsp;&nbsp;&nbsp;&nbsp;&nbsp;&nbsp;&nbsp;&nbsp;&nbsp;&nbsp;&nbsp;&nbsp;&nbsp;&nbsp;&nbsp;&nbsp;&nbsp; &nbsp;&nbsp;&nbsp;&nbsp;&nbsp;&nbsp;&nbsp;&nbsp;&nbsp;&nbsp;&nbsp; &#8211; FOH f\u00fcr Gnarlys &#8211; FOH f\u00fcr Irie Member&nbsp;&nbsp; &nbsp; &nbsp; &nbsp; &#8211; FOH f\u00fcr Valerie de Montmollin Substitude: &#8211; &nbsp;FOH f\u00fcr Nouvelle x Nativ &#8211; FOH \/ Monitor f\u00fcr Bligg &#8211; FOH f\u00fcr Drums 2 Streets&nbsp;&nbsp;&nbsp;&nbsp;&nbsp;&nbsp;&nbsp;&nbsp;&nbsp;&nbsp;&nbsp;&nbsp;&nbsp;&nbsp;&nbsp;&nbsp;&nbsp;&nbsp;&nbsp;&nbsp;&nbsp;&nbsp;&nbsp;&nbsp;&nbsp;&nbsp;&nbsp;&nbsp;&nbsp;&nbsp;&nbsp;&nbsp;&nbsp;&nbsp;&nbsp;&nbsp;&nbsp; &#8211; FOH Krogmann&nbsp; &nbsp; &nbsp; &nbsp; &nbsp; &nbsp; &nbsp; &nbsp; &nbsp; &nbsp; &nbsp; &nbsp; &nbsp; &nbsp; &nbsp; &nbsp; &nbsp; &nbsp; &nbsp; &nbsp; &nbsp; &nbsp; &nbsp; &nbsp; &nbsp; &nbsp; &nbsp; &nbsp; &nbsp; Shows: &#8211; FOH am Rock the Ring&nbsp;&nbsp;&nbsp;&nbsp;&nbsp; &nbsp;&nbsp; &#8211; FOH MainStage Gurten Festival&nbsp; &hellip; <a href=\"http:\/\/secondsense.ch\/wordpress\/?page_id=57\" class=\"more-link\"><span class=\"screen-reader-text\">Referenzen<\/span> weiterlesen <span class=\"meta-nav\">&rarr;<\/span><\/a><\/p>\n","protected":false},"author":1,"featured_media":0,"parent":0,"menu_order":4,"comment_status":"closed","ping_status":"open","template":"","meta":{"sfsi_plus_gutenberg_text_before_share":"","sfsi_plus_gutenberg_show_text_before_share":"","sfsi_plus_gutenberg_icon_type":"","sfsi_plus_gutenberg_icon_alignemt":"","sfsi_plus_gutenburg_max_per_row":"","_exactmetrics_skip_tracking":false,"_exactmetrics_sitenote_active":false,"_exactmetrics_sitenote_note":"","_exactmetrics_sitenote_category":0,"ngg_post_thumbnail":0,"jetpack_post_was_ever_published":false,"footnotes":""},"yoast_head":"<!-- This site is optimized with the Yoast SEO plugin v22.8 - https:\/\/yoast.com\/wordpress\/plugins\/seo\/ -->\n<title>Referenzen - Second Sense<\/title>\n<meta name=\"robots\" content=\"index, follow, max-snippet:-1, max-image-preview:large, max-video-preview:-1\" \/>\n<link rel=\"canonical\" href=\"http:\/\/secondsense.ch\/wordpress\/?page_id=57\" \/>\n<meta property=\"og:locale\" content=\"de_DE\" \/>\n<meta property=\"og:type\" content=\"article\" \/>\n<meta property=\"og:title\" content=\"Referenzen - Second Sense\" \/>\n<meta property=\"og:description\" content=\"On Tour: &#8211; FOH f\u00fcr Shantel&nbsp;&nbsp; &nbsp; &nbsp; &nbsp; &nbsp; &nbsp; &nbsp; &nbsp; &nbsp; &nbsp; &nbsp; &nbsp; &nbsp; &nbsp; &nbsp; &nbsp; &nbsp; &nbsp; &nbsp;&nbsp; &#8211; FOH f\u00fcr ZIBBZ&nbsp;&nbsp;&nbsp;&nbsp;&nbsp;&nbsp;&nbsp;&nbsp;&nbsp;&nbsp;&nbsp;&nbsp;&nbsp;&nbsp;&nbsp;&nbsp;&nbsp;&nbsp;&nbsp;&nbsp;&nbsp;&nbsp;&nbsp;&nbsp;&nbsp;&nbsp;&nbsp;&nbsp;&nbsp;&nbsp; &nbsp;&nbsp;&nbsp;&nbsp;&nbsp;&nbsp;&nbsp;&nbsp;&nbsp;&nbsp;&nbsp; &#8211; FOH f\u00fcr Gnarlys &#8211; FOH f\u00fcr Irie Member&nbsp;&nbsp; &nbsp; &nbsp; &nbsp; &#8211; FOH f\u00fcr Valerie de Montmollin Substitude: &#8211; &nbsp;FOH f\u00fcr Nouvelle x Nativ &#8211; FOH \/ Monitor f\u00fcr Bligg &#8211; FOH f\u00fcr Drums 2 Streets&nbsp;&nbsp;&nbsp;&nbsp;&nbsp;&nbsp;&nbsp;&nbsp;&nbsp;&nbsp;&nbsp;&nbsp;&nbsp;&nbsp;&nbsp;&nbsp;&nbsp;&nbsp;&nbsp;&nbsp;&nbsp;&nbsp;&nbsp;&nbsp;&nbsp;&nbsp;&nbsp;&nbsp;&nbsp;&nbsp;&nbsp;&nbsp;&nbsp;&nbsp;&nbsp;&nbsp;&nbsp; &#8211; FOH Krogmann&nbsp; &nbsp; &nbsp; &nbsp; &nbsp; &nbsp; &nbsp; &nbsp; &nbsp; &nbsp; &nbsp; &nbsp; &nbsp; &nbsp; &nbsp; &nbsp; &nbsp; &nbsp; &nbsp; &nbsp; &nbsp; &nbsp; &nbsp; &nbsp; &nbsp; &nbsp; &nbsp; &nbsp; &nbsp; Shows: &#8211; FOH am Rock the Ring&nbsp;&nbsp;&nbsp;&nbsp;&nbsp; &nbsp;&nbsp; &#8211; FOH MainStage Gurten Festival&nbsp; &hellip; Referenzen weiterlesen &rarr;\" \/>\n<meta property=\"og:url\" content=\"http:\/\/secondsense.ch\/wordpress\/?page_id=57\" \/>\n<meta property=\"og:site_name\" content=\"Second Sense\" \/>\n<meta property=\"article:modified_time\" content=\"2024-06-12T16:01:11+00:00\" \/>\n<meta name=\"twitter:label1\" content=\"Gesch\u00e4tzte Lesezeit\" \/>\n\t<meta name=\"twitter:data1\" content=\"2 Minuten\" \/>\n<script type=\"application\/ld+json\" class=\"yoast-schema-graph\">{\"@context\":\"https:\/\/schema.org\",\"@graph\":[{\"@type\":\"WebPage\",\"@id\":\"http:\/\/secondsense.ch\/wordpress\/?page_id=57\",\"url\":\"http:\/\/secondsense.ch\/wordpress\/?page_id=57\",\"name\":\"Referenzen - Second Sense\",\"isPartOf\":{\"@id\":\"http:\/\/secondsense.ch\/wordpress\/#website\"},\"datePublished\":\"2014-04-09T13:09:26+00:00\",\"dateModified\":\"2024-06-12T16:01:11+00:00\",\"breadcrumb\":{\"@id\":\"http:\/\/secondsense.ch\/wordpress\/?page_id=57#breadcrumb\"},\"inLanguage\":\"de-DE\",\"potentialAction\":[{\"@type\":\"ReadAction\",\"target\":[\"http:\/\/secondsense.ch\/wordpress\/?page_id=57\"]}]},{\"@type\":\"BreadcrumbList\",\"@id\":\"http:\/\/secondsense.ch\/wordpress\/?page_id=57#breadcrumb\",\"itemListElement\":[{\"@type\":\"ListItem\",\"position\":1,\"name\":\"Home\",\"item\":\"http:\/\/secondsense.ch\/wordpress\/\"},{\"@type\":\"ListItem\",\"position\":2,\"name\":\"Referenzen\"}]},{\"@type\":\"WebSite\",\"@id\":\"http:\/\/secondsense.ch\/wordpress\/#website\",\"url\":\"http:\/\/secondsense.ch\/wordpress\/\",\"name\":\"Second Sense\",\"description\":\"Audio Engineer\",\"potentialAction\":[{\"@type\":\"SearchAction\",\"target\":{\"@type\":\"EntryPoint\",\"urlTemplate\":\"http:\/\/secondsense.ch\/wordpress\/?s={search_term_string}\"},\"query-input\":\"required name=search_term_string\"}],\"inLanguage\":\"de-DE\"}]}<\/script>\n<!-- \/ Yoast SEO plugin. -->","yoast_head_json":{"title":"Referenzen - Second Sense","robots":{"index":"index","follow":"follow","max-snippet":"max-snippet:-1","max-image-preview":"max-image-preview:large","max-video-preview":"max-video-preview:-1"},"canonical":"http:\/\/secondsense.ch\/wordpress\/?page_id=57","og_locale":"de_DE","og_type":"article","og_title":"Referenzen - Second Sense","og_description":"On Tour: &#8211; FOH f\u00fcr Shantel&nbsp;&nbsp; &nbsp; &nbsp; &nbsp; &nbsp; &nbsp; &nbsp; &nbsp; &nbsp; &nbsp; &nbsp; &nbsp; &nbsp; &nbsp; &nbsp; &nbsp; &nbsp; &nbsp; &nbsp;&nbsp; &#8211; FOH f\u00fcr ZIBBZ&nbsp;&nbsp;&nbsp;&nbsp;&nbsp;&nbsp;&nbsp;&nbsp;&nbsp;&nbsp;&nbsp;&nbsp;&nbsp;&nbsp;&nbsp;&nbsp;&nbsp;&nbsp;&nbsp;&nbsp;&nbsp;&nbsp;&nbsp;&nbsp;&nbsp;&nbsp;&nbsp;&nbsp;&nbsp;&nbsp; &nbsp;&nbsp;&nbsp;&nbsp;&nbsp;&nbsp;&nbsp;&nbsp;&nbsp;&nbsp;&nbsp; &#8211; FOH f\u00fcr Gnarlys &#8211; FOH f\u00fcr Irie Member&nbsp;&nbsp; &nbsp; &nbsp; &nbsp; &#8211; FOH f\u00fcr Valerie de Montmollin Substitude: &#8211; &nbsp;FOH f\u00fcr Nouvelle x Nativ &#8211; FOH \/ Monitor f\u00fcr Bligg &#8211; FOH f\u00fcr Drums 2 Streets&nbsp;&nbsp;&nbsp;&nbsp;&nbsp;&nbsp;&nbsp;&nbsp;&nbsp;&nbsp;&nbsp;&nbsp;&nbsp;&nbsp;&nbsp;&nbsp;&nbsp;&nbsp;&nbsp;&nbsp;&nbsp;&nbsp;&nbsp;&nbsp;&nbsp;&nbsp;&nbsp;&nbsp;&nbsp;&nbsp;&nbsp;&nbsp;&nbsp;&nbsp;&nbsp;&nbsp;&nbsp; &#8211; FOH Krogmann&nbsp; &nbsp; &nbsp; &nbsp; &nbsp; &nbsp; &nbsp; &nbsp; &nbsp; &nbsp; &nbsp; &nbsp; &nbsp; &nbsp; &nbsp; &nbsp; &nbsp; &nbsp; &nbsp; &nbsp; &nbsp; &nbsp; &nbsp; &nbsp; &nbsp; &nbsp; &nbsp; &nbsp; &nbsp; Shows: &#8211; FOH am Rock the Ring&nbsp;&nbsp;&nbsp;&nbsp;&nbsp; &nbsp;&nbsp; &#8211; FOH MainStage Gurten Festival&nbsp; &hellip; Referenzen weiterlesen &rarr;","og_url":"http:\/\/secondsense.ch\/wordpress\/?page_id=57","og_site_name":"Second Sense","article_modified_time":"2024-06-12T16:01:11+00:00","twitter_misc":{"Gesch\u00e4tzte Lesezeit":"2 Minuten"},"schema":{"@context":"https:\/\/schema.org","@graph":[{"@type":"WebPage","@id":"http:\/\/secondsense.ch\/wordpress\/?page_id=57","url":"http:\/\/secondsense.ch\/wordpress\/?page_id=57","name":"Referenzen - Second Sense","isPartOf":{"@id":"http:\/\/secondsense.ch\/wordpress\/#website"},"datePublished":"2014-04-09T13:09:26+00:00","dateModified":"2024-06-12T16:01:11+00:00","breadcrumb":{"@id":"http:\/\/secondsense.ch\/wordpress\/?page_id=57#breadcrumb"},"inLanguage":"de-DE","potentialAction":[{"@type":"ReadAction","target":["http:\/\/secondsense.ch\/wordpress\/?page_id=57"]}]},{"@type":"BreadcrumbList","@id":"http:\/\/secondsense.ch\/wordpress\/?page_id=57#breadcrumb","itemListElement":[{"@type":"ListItem","position":1,"name":"Home","item":"http:\/\/secondsense.ch\/wordpress\/"},{"@type":"ListItem","position":2,"name":"Referenzen"}]},{"@type":"WebSite","@id":"http:\/\/secondsense.ch\/wordpress\/#website","url":"http:\/\/secondsense.ch\/wordpress\/","name":"Second Sense","description":"Audio Engineer","potentialAction":[{"@type":"SearchAction","target":{"@type":"EntryPoint","urlTemplate":"http:\/\/secondsense.ch\/wordpress\/?s={search_term_string}"},"query-input":"required name=search_term_string"}],"inLanguage":"de-DE"}]}},"jetpack_sharing_enabled":true,"jetpack_shortlink":"https:\/\/wp.me\/P4rozz-V","_links":{"self":[{"href":"http:\/\/secondsense.ch\/wordpress\/index.php?rest_route=\/wp\/v2\/pages\/57"}],"collection":[{"href":"http:\/\/secondsense.ch\/wordpress\/index.php?rest_route=\/wp\/v2\/pages"}],"about":[{"href":"http:\/\/secondsense.ch\/wordpress\/index.php?rest_route=\/wp\/v2\/types\/page"}],"author":[{"embeddable":true,"href":"http:\/\/secondsense.ch\/wordpress\/index.php?rest_route=\/wp\/v2\/users\/1"}],"replies":[{"embeddable":true,"href":"http:\/\/secondsense.ch\/wordpress\/index.php?rest_route=%2Fwp%2Fv2%2Fcomments&post=57"}],"version-history":[{"count":16,"href":"http:\/\/secondsense.ch\/wordpress\/index.php?rest_route=\/wp\/v2\/pages\/57\/revisions"}],"predecessor-version":[{"id":251,"href":"http:\/\/secondsense.ch\/wordpress\/index.php?rest_route=\/wp\/v2\/pages\/57\/revisions\/251"}],"wp:attachment":[{"href":"http:\/\/secondsense.ch\/wordpress\/index.php?rest_route=%2Fwp%2Fv2%2Fmedia&parent=57"}],"curies":[{"name":"wp","href":"https:\/\/api.w.org\/{rel}","templated":true}]}}